{"id":3810,"date":"2022-07-20T13:39:22","date_gmt":"2022-07-20T11:39:22","guid":{"rendered":"https:\/\/shop.keybiological.com\/legale\/"},"modified":"2022-07-20T13:39:22","modified_gmt":"2022-07-20T11:39:22","slug":"legale","status":"publish","type":"page","link":"https:\/\/shop.keybiological.com\/it\/legale\/","title":{"rendered":"Legale"},"content":{"rendered":"<p><strong>INFORMAZIONI GENERALI<\/strong><\/p>\n<p>In ottemperanza all&#8217;obbligo di informazione previsto dalla Legge 34\/2002 sui Servizi della Societ\u00e0 dell&#8217;Informazione e del Commercio Elettronico (LSSI-CE), dell&#8217;11 luglio, si riportano di seguito le informazioni generali di questo sito web:<\/p>\n<p>La propriet\u00e0 di questo sito Web, www.keybiological.com, (di seguito, il sito Web) \u00e8 di propriet\u00e0 di: KEYBIOLOGICAL S.L., con NIF: B27832898, iscritta al Registro delle Imprese di Pontevedra, volume 4138, libro 4138, foglio 1, pagina PO-60537. 1a registrazione e il cui rappresentante \u00e8: Juan Fern\u00e1ndez, e i cui dettagli di contatto sono:<\/p>\n<p>Indirizzo : Av. do Mayor de Lavadores, 139<br \/>\n36214 Vigo \u2013 Pontevedra, Galizia<br \/>\nSpagna<br \/>\nTelefono : +34 986 48 08 28<br \/>\nE-mail: administracion@keybiological.com<\/p>\n","protected":false},"excerpt":{"rendered":"<p>INFORMAZIONI GENERALI In ottemperanza all&#8217;obbligo di informazione previsto dalla Legge 34\/2002 sui Servizi della Societ\u00e0 dell&#8217;Informazione e del Commercio Elettronico (LSSI-CE), dell&#8217;11 luglio, si riportano di seguito le informazioni generali di questo sito web: La propriet\u00e0 di questo sito Web, www.keybiological.com, (di seguito, il sito Web) \u00e8 di propriet\u00e0 di: KEYBIOLOGICAL S.L., con NIF: B27832898,&#8230;<\/p>\n","protected":false},"author":1,"featured_media":0,"parent":0,"menu_order":0,"comment_status":"closed","ping_status":"closed","template":"","meta":{"footnotes":""},"class_list":["post-3810","page","type-page","status-publish","hentry"],"acf":[],"yoast_head":"<!-- This site is optimized with the Yoast SEO plugin v27.4 - https:\/\/yoast.com\/product\/yoast-seo-wordpress\/ -->\n<title>Legale - Keybiological International Shop<\/title>\n<meta name=\"robots\" content=\"index, follow, max-snippet:-1, max-image-preview:large, max-video-preview:-1\" \/>\n<link rel=\"canonical\" href=\"https:\/\/shop.keybiological.com\/it\/legale\/\" \/>\n<meta property=\"og:locale\" content=\"it_IT\" \/>\n<meta property=\"og:type\" content=\"article\" \/>\n<meta property=\"og:title\" content=\"Legale - Keybiological International Shop\" \/>\n<meta property=\"og:description\" content=\"INFORMAZIONI GENERALI In ottemperanza all&#8217;obbligo di informazione previsto dalla Legge 34\/2002 sui Servizi della Societ\u00e0 dell&#8217;Informazione e del Commercio Elettronico (LSSI-CE), dell&#8217;11 luglio, si riportano di seguito le informazioni generali di questo sito web: La propriet\u00e0 di questo sito Web, www.keybiological.com, (di seguito, il sito Web) \u00e8 di propriet\u00e0 di: KEYBIOLOGICAL S.L., con NIF: B27832898,...\" \/>\n<meta property=\"og:url\" content=\"https:\/\/shop.keybiological.com\/it\/legale\/\" \/>\n<meta property=\"og:site_name\" content=\"Keybiological International Shop\" \/>\n<meta name=\"twitter:card\" content=\"summary_large_image\" \/>\n<script type=\"application\/ld+json\" class=\"yoast-schema-graph\">{\"@context\":\"https:\\\/\\\/schema.org\",\"@graph\":[{\"@type\":\"WebPage\",\"@id\":\"https:\\\/\\\/shop.keybiological.com\\\/it\\\/legale\\\/\",\"url\":\"https:\\\/\\\/shop.keybiological.com\\\/it\\\/legale\\\/\",\"name\":\"Legale - Keybiological International Shop\",\"isPartOf\":{\"@id\":\"https:\\\/\\\/shop.keybiological.com\\\/#website\"},\"datePublished\":\"2022-07-20T11:39:22+00:00\",\"breadcrumb\":{\"@id\":\"https:\\\/\\\/shop.keybiological.com\\\/it\\\/legale\\\/#breadcrumb\"},\"inLanguage\":\"it-IT\",\"potentialAction\":[{\"@type\":\"ReadAction\",\"target\":[\"https:\\\/\\\/shop.keybiological.com\\\/it\\\/legale\\\/\"]}]},{\"@type\":\"BreadcrumbList\",\"@id\":\"https:\\\/\\\/shop.keybiological.com\\\/it\\\/legale\\\/#breadcrumb\",\"itemListElement\":[{\"@type\":\"ListItem\",\"position\":1,\"name\":\"Portada\",\"item\":\"https:\\\/\\\/shop.keybiological.com\\\/it\\\/home\\\/\"},{\"@type\":\"ListItem\",\"position\":2,\"name\":\"Legale\"}]},{\"@type\":\"WebSite\",\"@id\":\"https:\\\/\\\/shop.keybiological.com\\\/#website\",\"url\":\"https:\\\/\\\/shop.keybiological.com\\\/\",\"name\":\"Keybiological International Shop\",\"description\":\"Huile d&#039;ozone\",\"potentialAction\":[{\"@type\":\"SearchAction\",\"target\":{\"@type\":\"EntryPoint\",\"urlTemplate\":\"https:\\\/\\\/shop.keybiological.com\\\/?s={search_term_string}\"},\"query-input\":{\"@type\":\"PropertyValueSpecification\",\"valueRequired\":true,\"valueName\":\"search_term_string\"}}],\"inLanguage\":\"it-IT\"}]}<\/script>\n<!-- \/ Yoast SEO plugin. -->","yoast_head_json":{"title":"Legale - Keybiological International Shop","robots":{"index":"index","follow":"follow","max-snippet":"max-snippet:-1","max-image-preview":"max-image-preview:large","max-video-preview":"max-video-preview:-1"},"canonical":"https:\/\/shop.keybiological.com\/it\/legale\/","og_locale":"it_IT","og_type":"article","og_title":"Legale - Keybiological International Shop","og_description":"INFORMAZIONI GENERALI In ottemperanza all&#8217;obbligo di informazione previsto dalla Legge 34\/2002 sui Servizi della Societ\u00e0 dell&#8217;Informazione e del Commercio Elettronico (LSSI-CE), dell&#8217;11 luglio, si riportano di seguito le informazioni generali di questo sito web: La propriet\u00e0 di questo sito Web, www.keybiological.com, (di seguito, il sito Web) \u00e8 di propriet\u00e0 di: KEYBIOLOGICAL S.L., con NIF: B27832898,...","og_url":"https:\/\/shop.keybiological.com\/it\/legale\/","og_site_name":"Keybiological International Shop","twitter_card":"summary_large_image","schema":{"@context":"https:\/\/schema.org","@graph":[{"@type":"WebPage","@id":"https:\/\/shop.keybiological.com\/it\/legale\/","url":"https:\/\/shop.keybiological.com\/it\/legale\/","name":"Legale - Keybiological International Shop","isPartOf":{"@id":"https:\/\/shop.keybiological.com\/#website"},"datePublished":"2022-07-20T11:39:22+00:00","breadcrumb":{"@id":"https:\/\/shop.keybiological.com\/it\/legale\/#breadcrumb"},"inLanguage":"it-IT","potentialAction":[{"@type":"ReadAction","target":["https:\/\/shop.keybiological.com\/it\/legale\/"]}]},{"@type":"BreadcrumbList","@id":"https:\/\/shop.keybiological.com\/it\/legale\/#breadcrumb","itemListElement":[{"@type":"ListItem","position":1,"name":"Portada","item":"https:\/\/shop.keybiological.com\/it\/home\/"},{"@type":"ListItem","position":2,"name":"Legale"}]},{"@type":"WebSite","@id":"https:\/\/shop.keybiological.com\/#website","url":"https:\/\/shop.keybiological.com\/","name":"Keybiological International Shop","description":"Huile d&#039;ozone","potentialAction":[{"@type":"SearchAction","target":{"@type":"EntryPoint","urlTemplate":"https:\/\/shop.keybiological.com\/?s={search_term_string}"},"query-input":{"@type":"PropertyValueSpecification","valueRequired":true,"valueName":"search_term_string"}}],"inLanguage":"it-IT"}]}},"_links":{"self":[{"href":"https:\/\/shop.keybiological.com\/it\/wp-json\/wp\/v2\/pages\/3810","targetHints":{"allow":["GET"]}}],"collection":[{"href":"https:\/\/shop.keybiological.com\/it\/wp-json\/wp\/v2\/pages"}],"about":[{"href":"https:\/\/shop.keybiological.com\/it\/wp-json\/wp\/v2\/types\/page"}],"author":[{"embeddable":true,"href":"https:\/\/shop.keybiological.com\/it\/wp-json\/wp\/v2\/users\/1"}],"replies":[{"embeddable":true,"href":"https:\/\/shop.keybiological.com\/it\/wp-json\/wp\/v2\/comments?post=3810"}],"version-history":[{"count":0,"href":"https:\/\/shop.keybiological.com\/it\/wp-json\/wp\/v2\/pages\/3810\/revisions"}],"wp:attachment":[{"href":"https:\/\/shop.keybiological.com\/it\/wp-json\/wp\/v2\/media?parent=3810"}],"curies":[{"name":"wp","href":"https:\/\/api.w.org\/{rel}","templated":true}]}}